{"id":5060,"date":"2025-08-04T14:31:11","date_gmt":"2025-08-04T14:31:11","guid":{"rendered":"https:\/\/rolfo.it\/rolfo-used-special\/?page_id=5060"},"modified":"2025-11-10T11:27:39","modified_gmt":"2025-11-10T11:27:39","slug":"trasporto-plastilina","status":"publish","type":"page","link":"https:\/\/rolfo.it\/rolfo-used-special\/trasporto-plastilina\/","title":{"rendered":"Rolfo Used &#038; Special &#8211; Trasporto Plastilina"},"content":{"rendered":"\t\t<div data-elementor-type=\"wp-page\" data-elementor-id=\"5060\" class=\"elementor elementor-5060\" data-elementor-post-type=\"page\">\n\t\t\t\t<div class=\"elementor-element elementor-element-583259fb e-con-full e-flex e-con e-parent\" data-id=\"583259fb\" data-element_type=\"container\" data-e-type=\"container\" data-settings=\"{&quot;jet_parallax_layout_list&quot;:[{&quot;_id&quot;:&quot;71e8eba&quot;,&quot;jet_parallax_layout_speed&quot;:{&quot;unit&quot;:&quot;%&quot;,&quot;size&quot;:&quot;50&quot;,&quot;sizes&quot;:[]},&quot;jet_parallax_layout_bg_x&quot;:&quot;50&quot;,&quot;jet_parallax_layout_bg_y&quot;:&quot;50&quot;,&quot;jet_parallax_layout_image&quot;:{&quot;url&quot;:&quot;&quot;,&quot;id&quot;:&quot;&quot;,&quot;size&quot;:&quot;&quot;},&quot;jet_parallax_layout_image_tablet&quot;:{&quot;url&quot;:&quot;&quot;,&quot;id&quot;:&quot;&quot;,&quot;size&quot;:&quot;&quot;},&quot;jet_parallax_layout_image_mobile&quot;:{&quot;url&quot;:&quot;&quot;,&quot;id&quot;:&quot;&quot;,&quot;size&quot;:&quot;&quot;},&quot;jet_parallax_layout_type&quot;:&quot;scroll&quot;,&quot;jet_parallax_layout_direction&quot;:&quot;1&quot;,&quot;jet_parallax_layout_fx_direction&quot;:null,&quot;jet_parallax_layout_z_index&quot;:&quot;&quot;,&quot;jet_parallax_layout_bg_x_tablet&quot;:&quot;&quot;,&quot;jet_parallax_layout_bg_x_mobile&quot;:&quot;&quot;,&quot;jet_parallax_layout_bg_y_tablet&quot;:&quot;&quot;,&quot;jet_parallax_layout_bg_y_mobile&quot;:&quot;&quot;,&quot;jet_parallax_layout_bg_size&quot;:&quot;auto&quot;,&quot;jet_parallax_layout_bg_size_tablet&quot;:&quot;&quot;,&quot;jet_parallax_layout_bg_size_mobile&quot;:&quot;&quot;,&quot;jet_parallax_layout_animation_prop&quot;:&quot;transform&quot;,&quot;jet_parallax_layout_on&quot;:[&quot;desktop&quot;,&quot;tablet&quot;]}],&quot;background_background&quot;:&quot;classic&quot;}\">\n\t\t<div class=\"elementor-element elementor-element-6d2a934 e-con-full e-flex e-con e-child\" data-id=\"6d2a934\" data-element_type=\"container\" data-e-type=\"container\" data-settings=\"{&quot;background_background&quot;:&quot;classic&quot;,&quot;jet_parallax_layout_list&quot;:[]}\">\n\t\t\t\t<\/div>\n\t\t\t\t<\/div>\n\t\t<div class=\"elementor-element elementor-element-27ae9917 e-flex e-con-boxed e-con e-parent\" data-id=\"27ae9917\" data-element_type=\"container\" data-e-type=\"container\" data-settings=\"{&quot;jet_parallax_layout_list&quot;:[],&quot;background_background&quot;:&quot;gradient&quot;}\">\n\t\t\t\t\t<div class=\"e-con-inner\">\n\t\t\t\t<div class=\"elementor-element elementor-element-1d97ef3b elementor-widget elementor-widget-heading\" data-id=\"1d97ef3b\" data-element_type=\"widget\" data-e-type=\"widget\" data-widget_type=\"heading.default\">\n\t\t\t\t<div class=\"elementor-widget-container\">\n\t\t\t\t\t<h1 class=\"elementor-heading-title elementor-size-default\">Trasporto Plastilina<\/h1>\t\t\t\t<\/div>\n\t\t\t\t<\/div>\n\t\t\t\t\t<\/div>\n\t\t\t\t<\/div>\n\t\t<div class=\"elementor-element elementor-element-7fa1c1a6 e-flex e-con-boxed e-con e-parent\" data-id=\"7fa1c1a6\" data-element_type=\"container\" data-e-type=\"container\" data-settings=\"{&quot;background_background&quot;:&quot;classic&quot;,&quot;jet_parallax_layout_list&quot;:[]}\">\n\t\t\t\t\t<div class=\"e-con-inner\">\n\t\t\t\t<div class=\"elementor-element elementor-element-555d1ca9 elementor-widget__width-inherit elementor-widget elementor-widget-text-editor\" data-id=\"555d1ca9\" data-element_type=\"widget\" data-e-type=\"widget\" data-widget_type=\"text-editor.default\">\n\t\t\t\t<div class=\"elementor-widget-container\">\n\t\t\t\t\t\t\t\t\t<h2>UNA SOLUZIONE STRATEGICA<\/h2>\t\t\t\t\t\t\t\t<\/div>\n\t\t\t\t<\/div>\n\t\t\t\t<div class=\"elementor-element elementor-element-6b544295 elementor-widget__width-inherit elementor-widget elementor-widget-text-editor\" data-id=\"6b544295\" data-element_type=\"widget\" data-e-type=\"widget\" data-widget_type=\"text-editor.default\">\n\t\t\t\t<div class=\"elementor-widget-container\">\n\t\t\t\t\t\t\t\t\t<p>Il trasporto di prototipi in plastilina rappresenta una fase delicata e strategica nel processo di sviluppo stilistico e progettuale del settore automotive.<\/p>\t\t\t\t\t\t\t\t<\/div>\n\t\t\t\t<\/div>\n\t\t\t\t\t<\/div>\n\t\t\t\t<\/div>\n\t\t<div class=\"elementor-element elementor-element-16a60cf3 e-con-full e-flex e-con e-parent\" data-id=\"16a60cf3\" data-element_type=\"container\" data-e-type=\"container\" data-settings=\"{&quot;jet_parallax_layout_list&quot;:[{&quot;_id&quot;:&quot;71e8eba&quot;,&quot;jet_parallax_layout_speed&quot;:{&quot;unit&quot;:&quot;%&quot;,&quot;size&quot;:&quot;50&quot;,&quot;sizes&quot;:[]},&quot;jet_parallax_layout_bg_x&quot;:&quot;50&quot;,&quot;jet_parallax_layout_bg_y&quot;:&quot;50&quot;,&quot;jet_parallax_layout_image&quot;:{&quot;url&quot;:&quot;&quot;,&quot;id&quot;:&quot;&quot;,&quot;size&quot;:&quot;&quot;},&quot;jet_parallax_layout_image_tablet&quot;:{&quot;url&quot;:&quot;&quot;,&quot;id&quot;:&quot;&quot;,&quot;size&quot;:&quot;&quot;},&quot;jet_parallax_layout_image_mobile&quot;:{&quot;url&quot;:&quot;&quot;,&quot;id&quot;:&quot;&quot;,&quot;size&quot;:&quot;&quot;},&quot;jet_parallax_layout_type&quot;:&quot;scroll&quot;,&quot;jet_parallax_layout_direction&quot;:&quot;1&quot;,&quot;jet_parallax_layout_fx_direction&quot;:null,&quot;jet_parallax_layout_z_index&quot;:&quot;&quot;,&quot;jet_parallax_layout_bg_x_tablet&quot;:&quot;&quot;,&quot;jet_parallax_layout_bg_x_mobile&quot;:&quot;&quot;,&quot;jet_parallax_layout_bg_y_tablet&quot;:&quot;&quot;,&quot;jet_parallax_layout_bg_y_mobile&quot;:&quot;&quot;,&quot;jet_parallax_layout_bg_size&quot;:&quot;auto&quot;,&quot;jet_parallax_layout_bg_size_tablet&quot;:&quot;&quot;,&quot;jet_parallax_layout_bg_size_mobile&quot;:&quot;&quot;,&quot;jet_parallax_layout_animation_prop&quot;:&quot;transform&quot;,&quot;jet_parallax_layout_on&quot;:[&quot;desktop&quot;,&quot;tablet&quot;]}],&quot;background_background&quot;:&quot;gradient&quot;}\">\n\t\t<div class=\"elementor-element elementor-element-2640b5ec e-con-full e-flex e-con e-child\" data-id=\"2640b5ec\" data-element_type=\"container\" data-e-type=\"container\" data-settings=\"{&quot;jet_parallax_layout_list&quot;:[],&quot;background_background&quot;:&quot;classic&quot;}\">\n\t\t<div class=\"elementor-element elementor-element-31504d45 e-con-full e-flex e-con e-child\" data-id=\"31504d45\" data-element_type=\"container\" data-e-type=\"container\" data-settings=\"{&quot;background_background&quot;:&quot;classic&quot;,&quot;jet_parallax_layout_list&quot;:[]}\">\n\t\t\t\t<div class=\"elementor-element elementor-element-20b98965 elementor-widget elementor-widget-text-editor\" data-id=\"20b98965\" data-element_type=\"widget\" data-e-type=\"widget\" data-widget_type=\"text-editor.default\">\n\t\t\t\t<div class=\"elementor-widget-container\">\n\t\t\t\t\t\t\t\t\t<h3>REALIZZATI A MANO<\/h3>\t\t\t\t\t\t\t\t<\/div>\n\t\t\t\t<\/div>\n\t\t\t\t<div class=\"elementor-element elementor-element-59d244c0 elementor-widget__width-initial elementor-widget elementor-widget-text-editor\" data-id=\"59d244c0\" data-element_type=\"widget\" data-e-type=\"widget\" data-widget_type=\"text-editor.default\">\n\t\t\t\t<div class=\"elementor-widget-container\">\n\t\t\t\t\t\t\t\t\t<p>Questi modelli, realizzati a mano nei centri stile, richiedono condizioni di trasporto specifiche. Per questo, Rolfo ha sviluppato un allestimento speciale dedicato che prevede l\u2019utilizzo di celle isotermiche appositamente allestite, in grado di mantenere temperature controllate. L\u2019interno del veicolo \u00e8 progettato per garantire la massima flessibilit\u00e0 e stabilit\u00e0 del carico.<\/p>\t\t\t\t\t\t\t\t<\/div>\n\t\t\t\t<\/div>\n\t\t\t\t<\/div>\n\t\t<div class=\"elementor-element elementor-element-6182f30 e-con-full e-flex e-con e-child\" data-id=\"6182f30\" data-element_type=\"container\" data-e-type=\"container\" data-settings=\"{&quot;background_background&quot;:&quot;classic&quot;,&quot;jet_parallax_layout_list&quot;:[]}\">\n\t\t\t\t<\/div>\n\t\t\t\t<\/div>\n\t\t\t\t<\/div>\n\t\t<div class=\"elementor-element elementor-element-1075f3aa e-con-full e-flex e-con e-parent\" data-id=\"1075f3aa\" data-element_type=\"container\" data-e-type=\"container\" data-settings=\"{&quot;jet_parallax_layout_list&quot;:[]}\">\n\t\t\t\t<div class=\"elementor-element elementor-element-d4478f3 elementor-widget elementor-widget-shortcode\" data-id=\"d4478f3\" data-element_type=\"widget\" data-e-type=\"widget\" data-widget_type=\"shortcode.default\">\n\t\t\t\t<div class=\"elementor-widget-container\">\n\t\t\t\t\t\t\t<div class=\"elementor-shortcode\">\t\t<div data-elementor-type=\"container\" data-elementor-id=\"5658\" class=\"elementor elementor-5658\" data-elementor-post-type=\"elementor_library\">\n\t\t\t\t<div class=\"elementor-element elementor-element-16a5a106 e-con-full e-flex e-con e-parent\" data-id=\"16a5a106\" data-element_type=\"container\" data-e-type=\"container\" data-settings=\"{&quot;jet_parallax_layout_list&quot;:[]}\">\n\t\t<a class=\"elementor-element elementor-element-1d80f747 e-con-full e-flex e-con e-child\" data-id=\"1d80f747\" data-element_type=\"container\" data-e-type=\"container\" data-settings=\"{&quot;jet_parallax_layout_list&quot;:[],&quot;background_background&quot;:&quot;classic&quot;}\" href=\"\/storia\">\n\t\t<div class=\"elementor-element elementor-element-14342110 e-flex e-con-boxed e-con e-child\" data-id=\"14342110\" data-element_type=\"container\" data-e-type=\"container\" data-settings=\"{&quot;jet_parallax_layout_list&quot;:[]}\">\n\t\t\t\t\t<div class=\"e-con-inner\">\n\t\t<div class=\"elementor-element elementor-element-4d304a3a e-con-full e-flex e-con e-child\" data-id=\"4d304a3a\" data-element_type=\"container\" data-e-type=\"container\" data-settings=\"{&quot;jet_parallax_layout_list&quot;:[]}\">\n\t\t\t\t<div class=\"elementor-element elementor-element-679a7081 elementor-widget elementor-widget-text-editor\" data-id=\"679a7081\" data-element_type=\"widget\" data-e-type=\"widget\" data-widget_type=\"text-editor.default\">\n\t\t\t\t<div class=\"elementor-widget-container\">\n\t\t\t\t\t\t\t\t\t<p>ROLFO GROUP<\/p>\t\t\t\t\t\t\t\t<\/div>\n\t\t\t\t<\/div>\n\t\t\t\t<div class=\"elementor-element elementor-element-2f90e036 elementor-widget elementor-widget-text-editor\" data-id=\"2f90e036\" data-element_type=\"widget\" data-e-type=\"widget\" data-widget_type=\"text-editor.default\">\n\t\t\t\t<div class=\"elementor-widget-container\">\n\t\t\t\t\t\t\t\t\t<p>SULLA<!--EndFragment --><\/p><p>BUONA STRADA<\/p><p>DA 140 ANNI<\/p>\t\t\t\t\t\t\t\t<\/div>\n\t\t\t\t<\/div>\n\t\t\t\t<div class=\"elementor-element elementor-element-2a260346 elementor-widget elementor-widget-text-editor\" data-id=\"2a260346\" data-element_type=\"widget\" data-e-type=\"widget\" data-widget_type=\"text-editor.default\">\n\t\t\t\t<div class=\"elementor-widget-container\">\n\t\t\t\t\t\t\t\t\t<p>La nostra storia \u00e8 fatta di visione, ambizione e determinazione nel costruire ogni giorno il futuro.<strong>Insieme<\/strong>.<br \/><!--EndFragment --><\/p>\t\t\t\t\t\t\t\t<\/div>\n\t\t\t\t<\/div>\n\t\t\t\t<\/div>\n\t\t\t\t\t<\/div>\n\t\t\t\t<\/div>\n\t\t\t\t<\/a>\n\t\t\t\t<\/div>\n\t\t\t\t<\/div>\n\t\t<\/div>\n\t\t\t\t\t\t<\/div>\n\t\t\t\t<\/div>\n\t\t\t\t<\/div>\n\t\t<div class=\"elementor-element elementor-element-f01108 e-con-full e-flex e-con e-parent\" data-id=\"f01108\" data-element_type=\"container\" data-e-type=\"container\" data-settings=\"{&quot;jet_parallax_layout_list&quot;:[],&quot;background_background&quot;:&quot;classic&quot;}\">\n\t\t<div class=\"elementor-element elementor-element-43882ffd e-flex e-con-boxed e-con e-child\" data-id=\"43882ffd\" data-element_type=\"container\" data-e-type=\"container\" data-settings=\"{&quot;jet_parallax_layout_list&quot;:[],&quot;background_background&quot;:&quot;classic&quot;}\">\n\t\t\t\t\t<div class=\"e-con-inner\">\n\t\t\t\t<div class=\"elementor-element elementor-element-6b4ee891 elementor-widget elementor-widget-shortcode\" data-id=\"6b4ee891\" data-element_type=\"widget\" data-e-type=\"widget\" data-widget_type=\"shortcode.default\">\n\t\t\t\t<div class=\"elementor-widget-container\">\n\t\t\t\t\t\t\t<div class=\"elementor-shortcode\">\n<div class=\"wpcf7 no-js\" id=\"wpcf7-f3998-o1\" lang=\"it-IT\" dir=\"ltr\" data-wpcf7-id=\"3998\">\n<div class=\"screen-reader-response\"><p role=\"status\" aria-live=\"polite\" aria-atomic=\"true\"><\/p> <ul><\/ul><\/div>\n<form action=\"\/rolfo-used-special\/wp-json\/wp\/v2\/pages\/5060#wpcf7-f3998-o1\" method=\"post\" class=\"wpcf7-form init\" aria-label=\"Modulo di contatto\" novalidate=\"novalidate\" data-status=\"init\">\n<fieldset class=\"hidden-fields-container\"><input type=\"hidden\" name=\"_wpcf7\" value=\"3998\" \/><input type=\"hidden\" name=\"_wpcf7_version\" value=\"6.1.5\" \/><input type=\"hidden\" name=\"_wpcf7_locale\" value=\"it_IT\" \/><input type=\"hidden\" name=\"_wpcf7_unit_tag\" value=\"wpcf7-f3998-o1\" \/><input type=\"hidden\" name=\"_wpcf7_container_post\" value=\"0\" \/><input type=\"hidden\" name=\"_wpcf7_posted_data_hash\" value=\"\" \/><input type=\"hidden\" name=\"_wpcf7_recaptcha_response\" value=\"\" \/>\n<\/fieldset>\n<div class=\"form-grid\">\n\t<div class=\"form-group\">\n\t\t<p><span class=\"wpcf7-form-control-wrap\" data-name=\"your-name\"><input size=\"40\" maxlength=\"400\" class=\"wpcf7-form-control wpcf7-text wpcf7-validates-as-required\" id=\"your-name\" aria-required=\"true\" aria-invalid=\"false\" placeholder=\"Nome*\" value=\"\" type=\"text\" name=\"your-name\" \/><\/span>\n\t\t<\/p>\n\t<\/div>\n\t<div class=\"form-group\">\n\t\t<p><span class=\"wpcf7-form-control-wrap\" data-name=\"your-surname\"><input size=\"40\" maxlength=\"400\" class=\"wpcf7-form-control wpcf7-text wpcf7-validates-as-required\" id=\"your-surname\" aria-required=\"true\" aria-invalid=\"false\" placeholder=\"Cognome*\" value=\"\" type=\"text\" name=\"your-surname\" \/><\/span>\n\t\t<\/p>\n\t<\/div>\n\t<div class=\"form-group\">\n\t\t<p><span class=\"wpcf7-form-control-wrap\" data-name=\"your-company\"><input size=\"40\" maxlength=\"400\" class=\"wpcf7-form-control wpcf7-text\" id=\"your-company\" aria-invalid=\"false\" placeholder=\"Azienda\" value=\"\" type=\"text\" name=\"your-company\" \/><\/span>\n\t\t<\/p>\n\t<\/div>\n\t<div class=\"form-group\">\n\t\t<p><span class=\"wpcf7-form-control-wrap\" data-name=\"selezione-divisione\"><select class=\"wpcf7-form-control wpcf7-select wpcf7-validates-as-required\" aria-required=\"true\" aria-invalid=\"false\" name=\"selezione-divisione\"><option value=\"Rolfo Used &amp; Special\">Rolfo Used &amp; Special<\/option><option value=\"Rolfo SpA\">Rolfo SpA<\/option><option value=\"Rolfo Customer Care\">Rolfo Customer Care<\/option><option value=\"Rolfo ICE\">Rolfo ICE<\/option><\/select><\/span>\n\t\t<\/p>\n\t<\/div>\n\t<div class=\"form-group\">\n\t\t<p><span class=\"wpcf7-form-control-wrap\" data-name=\"your-email\"><input size=\"40\" maxlength=\"400\" class=\"wpcf7-form-control wpcf7-email wpcf7-validates-as-required wpcf7-text wpcf7-validates-as-email\" id=\"your-email\" aria-required=\"true\" aria-invalid=\"false\" placeholder=\"Email*\" value=\"\" type=\"email\" name=\"your-email\" \/><\/span>\n\t\t<\/p>\n\t<\/div>\n\t<div class=\"form-group\">\n\t\t<p><span class=\"wpcf7-form-control-wrap\" data-name=\"your-phone\"><input size=\"40\" maxlength=\"400\" class=\"wpcf7-form-control wpcf7-tel wpcf7-validates-as-required wpcf7-text wpcf7-validates-as-tel\" id=\"your-phone\" aria-required=\"true\" aria-invalid=\"false\" placeholder=\"Telefono*\" value=\"\" type=\"tel\" name=\"your-phone\" \/><\/span>\n\t\t<\/p>\n\t<\/div>\n\t<div class=\"form-group message-box\">\n\t\t<p><span class=\"wpcf7-form-control-wrap\" data-name=\"your-message\"><textarea cols=\"40\" rows=\"10\" maxlength=\"2000\" class=\"wpcf7-form-control wpcf7-textarea\" id=\"your-message\" aria-invalid=\"false\" placeholder=\"Messaggio\" name=\"your-message\"><\/textarea><\/span>\n\t\t<\/p>\n\t<\/div>\n<\/div>\n<div class=\"form-group gdpr-consent\">\n\t<p><span class=\"wpcf7-form-control-wrap\" data-name=\"acceptance-231\"><span class=\"wpcf7-form-control wpcf7-acceptance\"><span class=\"wpcf7-list-item\"><label><input type=\"checkbox\" name=\"acceptance-231\" value=\"1\" aria-invalid=\"false\" \/><span class=\"wpcf7-list-item-label\">Ho letto e accetto l\u2019informativa resa ai sensi degli articoli 13-14 del GDPR 2016\/679\/UE, Privacy & Cookie Policy. I dati inseriti verranno trattati unicamente per rispondere alle vostre domande.<\/span><\/label><\/span><\/span><\/span>\n\t<\/p>\n<\/div>\n<div class=\"form-group form-submit\">\n\t<p><input class=\"wpcf7-form-control wpcf7-submit has-spinner\" type=\"submit\" value=\"Invia\" \/>\n\t<\/p>\n<\/div><p style=\"display: none !important;\" class=\"akismet-fields-container\" data-prefix=\"_wpcf7_ak_\"><label>&#916;<textarea name=\"_wpcf7_ak_hp_textarea\" cols=\"45\" rows=\"8\" maxlength=\"100\"><\/textarea><\/label><input type=\"hidden\" id=\"ak_js_1\" name=\"_wpcf7_ak_js\" value=\"175\"\/><script>document.getElementById( \"ak_js_1\" ).setAttribute( \"value\", ( new Date() ).getTime() );<\/script><\/p><div class=\"wpcf7-response-output\" aria-hidden=\"true\"><\/div>\n<\/form>\n<\/div>\n<\/div>\n\t\t\t\t\t\t<\/div>\n\t\t\t\t<\/div>\n\t\t\t\t\t<\/div>\n\t\t\t\t<\/div>\n\t\t\t\t<\/div>\n\t\t\t\t<\/div>\n\t\t","protected":false},"excerpt":{"rendered":"<p>Trasporto Plastilina UNA SOLUZIONE STRATEGICA Il trasporto di prototipi in plastilina rappresenta una fase delicata e strategica nel processo di sviluppo stilistico e progettuale del settore automotive. REALIZZATI A MANO Questi modelli, realizzati a mano nei centri stile, richiedono condizioni di trasporto specifiche. Per questo, Rolfo ha sviluppato un allestimento speciale dedicato che prevede l\u2019utilizzo [&hellip;]<\/p>\n","protected":false},"author":1,"featured_media":0,"parent":0,"menu_order":0,"comment_status":"closed","ping_status":"closed","template":"elementor_header_footer","meta":{"_acf_changed":false,"footnotes":""},"categories":[],"tags":[],"class_list":["post-5060","page","type-page","status-publish","hentry"],"acf":[],"yoast_head":"<!-- This site is optimized with the Yoast SEO plugin v27.3 - https:\/\/yoast.com\/product\/yoast-seo-wordpress\/ -->\n<title>Rolfo Used &amp; Special - Trasporto Plastilina<\/title>\n<meta name=\"description\" content=\"Veicoli speciali per il trasporto sicuro e climatizzato di prototipi in plastilina per l&#039;industria automobilistica. Soluzioni ad alta precisione.\" \/>\n<meta name=\"robots\" content=\"index, follow, max-snippet:-1, max-image-preview:large, max-video-preview:-1\" \/>\n<link rel=\"canonical\" href=\"https:\/\/rolfo.it\/rolfo-used-special\/trasporto-plastilina\/\" \/>\n<meta property=\"og:locale\" content=\"it_IT\" \/>\n<meta property=\"og:type\" content=\"article\" \/>\n<meta property=\"og:title\" content=\"Rolfo Used &amp; Special - Trasporto Plastilina\" \/>\n<meta property=\"og:description\" content=\"Veicoli speciali per il trasporto sicuro e climatizzato di prototipi in plastilina per l&#039;industria automobilistica. Soluzioni ad alta precisione.\" \/>\n<meta property=\"og:url\" content=\"https:\/\/rolfo.it\/rolfo-used-special\/trasporto-plastilina\/\" \/>\n<meta property=\"og:site_name\" content=\"Rolfo Used &amp; Special\" \/>\n<meta property=\"article:modified_time\" content=\"2025-11-10T11:27:39+00:00\" \/>\n<meta name=\"twitter:card\" content=\"summary_large_image\" \/>\n<meta name=\"twitter:label1\" content=\"Tempo di lettura stimato\" \/>\n\t<meta name=\"twitter:data1\" content=\"1 minuto\" \/>\n<script type=\"application\/ld+json\" class=\"yoast-schema-graph\">{\"@context\":\"https:\\\/\\\/schema.org\",\"@graph\":[{\"@type\":\"WebPage\",\"@id\":\"https:\\\/\\\/rolfo.it\\\/rolfo-used-special\\\/trasporto-plastilina\\\/\",\"url\":\"https:\\\/\\\/rolfo.it\\\/rolfo-used-special\\\/trasporto-plastilina\\\/\",\"name\":\"Rolfo Used & Special - Trasporto Plastilina\",\"isPartOf\":{\"@id\":\"https:\\\/\\\/rolfo.it\\\/rolfo-used-special\\\/#website\"},\"datePublished\":\"2025-08-04T14:31:11+00:00\",\"dateModified\":\"2025-11-10T11:27:39+00:00\",\"description\":\"Veicoli speciali per il trasporto sicuro e climatizzato di prototipi in plastilina per l'industria automobilistica. Soluzioni ad alta precisione.\",\"breadcrumb\":{\"@id\":\"https:\\\/\\\/rolfo.it\\\/rolfo-used-special\\\/trasporto-plastilina\\\/#breadcrumb\"},\"inLanguage\":\"it-IT\",\"potentialAction\":[{\"@type\":\"ReadAction\",\"target\":[\"https:\\\/\\\/rolfo.it\\\/rolfo-used-special\\\/trasporto-plastilina\\\/\"]}]},{\"@type\":\"BreadcrumbList\",\"@id\":\"https:\\\/\\\/rolfo.it\\\/rolfo-used-special\\\/trasporto-plastilina\\\/#breadcrumb\",\"itemListElement\":[{\"@type\":\"ListItem\",\"position\":1,\"name\":\"Home\",\"item\":\"https:\\\/\\\/rolfo.it\\\/rolfo-used-special\\\/\"},{\"@type\":\"ListItem\",\"position\":2,\"name\":\"Rolfo Used &#038; Special &#8211; Trasporto Plastilina\"}]},{\"@type\":\"WebSite\",\"@id\":\"https:\\\/\\\/rolfo.it\\\/rolfo-used-special\\\/#website\",\"url\":\"https:\\\/\\\/rolfo.it\\\/rolfo-used-special\\\/\",\"name\":\"Rolfo Used &amp; Special\",\"description\":\"\",\"potentialAction\":[{\"@type\":\"SearchAction\",\"target\":{\"@type\":\"EntryPoint\",\"urlTemplate\":\"https:\\\/\\\/rolfo.it\\\/rolfo-used-special\\\/?s={search_term_string}\"},\"query-input\":{\"@type\":\"PropertyValueSpecification\",\"valueRequired\":true,\"valueName\":\"search_term_string\"}}],\"inLanguage\":\"it-IT\"}]}<\/script>\n<!-- \/ Yoast SEO plugin. -->","yoast_head_json":{"title":"Rolfo Used & Special - Trasporto Plastilina","description":"Veicoli speciali per il trasporto sicuro e climatizzato di prototipi in plastilina per l'industria automobilistica. Soluzioni ad alta precisione.","robots":{"index":"index","follow":"follow","max-snippet":"max-snippet:-1","max-image-preview":"max-image-preview:large","max-video-preview":"max-video-preview:-1"},"canonical":"https:\/\/rolfo.it\/rolfo-used-special\/trasporto-plastilina\/","og_locale":"it_IT","og_type":"article","og_title":"Rolfo Used & Special - Trasporto Plastilina","og_description":"Veicoli speciali per il trasporto sicuro e climatizzato di prototipi in plastilina per l'industria automobilistica. Soluzioni ad alta precisione.","og_url":"https:\/\/rolfo.it\/rolfo-used-special\/trasporto-plastilina\/","og_site_name":"Rolfo Used &amp; Special","article_modified_time":"2025-11-10T11:27:39+00:00","twitter_card":"summary_large_image","twitter_misc":{"Tempo di lettura stimato":"1 minuto"},"schema":{"@context":"https:\/\/schema.org","@graph":[{"@type":"WebPage","@id":"https:\/\/rolfo.it\/rolfo-used-special\/trasporto-plastilina\/","url":"https:\/\/rolfo.it\/rolfo-used-special\/trasporto-plastilina\/","name":"Rolfo Used & Special - Trasporto Plastilina","isPartOf":{"@id":"https:\/\/rolfo.it\/rolfo-used-special\/#website"},"datePublished":"2025-08-04T14:31:11+00:00","dateModified":"2025-11-10T11:27:39+00:00","description":"Veicoli speciali per il trasporto sicuro e climatizzato di prototipi in plastilina per l'industria automobilistica. Soluzioni ad alta precisione.","breadcrumb":{"@id":"https:\/\/rolfo.it\/rolfo-used-special\/trasporto-plastilina\/#breadcrumb"},"inLanguage":"it-IT","potentialAction":[{"@type":"ReadAction","target":["https:\/\/rolfo.it\/rolfo-used-special\/trasporto-plastilina\/"]}]},{"@type":"BreadcrumbList","@id":"https:\/\/rolfo.it\/rolfo-used-special\/trasporto-plastilina\/#breadcrumb","itemListElement":[{"@type":"ListItem","position":1,"name":"Home","item":"https:\/\/rolfo.it\/rolfo-used-special\/"},{"@type":"ListItem","position":2,"name":"Rolfo Used &#038; Special &#8211; Trasporto Plastilina"}]},{"@type":"WebSite","@id":"https:\/\/rolfo.it\/rolfo-used-special\/#website","url":"https:\/\/rolfo.it\/rolfo-used-special\/","name":"Rolfo Used &amp; Special","description":"","potentialAction":[{"@type":"SearchAction","target":{"@type":"EntryPoint","urlTemplate":"https:\/\/rolfo.it\/rolfo-used-special\/?s={search_term_string}"},"query-input":{"@type":"PropertyValueSpecification","valueRequired":true,"valueName":"search_term_string"}}],"inLanguage":"it-IT"}]}},"_links":{"self":[{"href":"https:\/\/rolfo.it\/rolfo-used-special\/wp-json\/wp\/v2\/pages\/5060","targetHints":{"allow":["GET"]}}],"collection":[{"href":"https:\/\/rolfo.it\/rolfo-used-special\/wp-json\/wp\/v2\/pages"}],"about":[{"href":"https:\/\/rolfo.it\/rolfo-used-special\/wp-json\/wp\/v2\/types\/page"}],"author":[{"embeddable":true,"href":"https:\/\/rolfo.it\/rolfo-used-special\/wp-json\/wp\/v2\/users\/1"}],"replies":[{"embeddable":true,"href":"https:\/\/rolfo.it\/rolfo-used-special\/wp-json\/wp\/v2\/comments?post=5060"}],"version-history":[{"count":44,"href":"https:\/\/rolfo.it\/rolfo-used-special\/wp-json\/wp\/v2\/pages\/5060\/revisions"}],"predecessor-version":[{"id":6486,"href":"https:\/\/rolfo.it\/rolfo-used-special\/wp-json\/wp\/v2\/pages\/5060\/revisions\/6486"}],"wp:attachment":[{"href":"https:\/\/rolfo.it\/rolfo-used-special\/wp-json\/wp\/v2\/media?parent=5060"}],"wp:term":[{"taxonomy":"category","embeddable":true,"href":"https:\/\/rolfo.it\/rolfo-used-special\/wp-json\/wp\/v2\/categories?post=5060"},{"taxonomy":"post_tag","embeddable":true,"href":"https:\/\/rolfo.it\/rolfo-used-special\/wp-json\/wp\/v2\/tags?post=5060"}],"curies":[{"name":"wp","href":"https:\/\/api.w.org\/{rel}","templated":true}]}}