{"id":12,"date":"2020-08-26T09:47:08","date_gmt":"2020-08-26T09:47:08","guid":{"rendered":"https:\/\/jupiterx.artbees.net\/car-rental\/?page_id=12"},"modified":"2025-11-06T13:50:46","modified_gmt":"2025-11-06T13:50:46","slug":"404-2","status":"publish","type":"page","link":"https:\/\/rolfo.it\/rolfospa\/404-2\/","title":{"rendered":"Rolfo S.p.A. &#8211; Errore 404"},"content":{"rendered":"\t\t<div data-elementor-type=\"wp-page\" data-elementor-id=\"12\" class=\"elementor elementor-12\" data-elementor-post-type=\"page\">\n\t\t\t\t<div class=\"elementor-element elementor-element-35d8897b e-con-full e-flex e-con e-parent\" data-id=\"35d8897b\" data-element_type=\"container\" data-e-type=\"container\" data-settings=\"{&quot;jet_parallax_layout_list&quot;:[]}\">\n\t\t<div class=\"elementor-element elementor-element-863ee2b e-con-full e-flex e-con e-child\" data-id=\"863ee2b\" data-element_type=\"container\" data-e-type=\"container\" data-settings=\"{&quot;jet_parallax_layout_list&quot;:[],&quot;background_background&quot;:&quot;gradient&quot;}\">\n\t\t\t\t<div class=\"elementor-element elementor-element-2cce033e elementor-widget elementor-widget-heading\" data-id=\"2cce033e\" data-element_type=\"widget\" data-e-type=\"widget\" data-widget_type=\"heading.default\">\n\t\t\t\t<div class=\"elementor-widget-container\">\n\t\t\t\t\t<h1 class=\"elementor-heading-title elementor-size-default\">404<\/h1>\t\t\t\t<\/div>\n\t\t\t\t<\/div>\n\t\t\t\t<\/div>\n\t\t\t\t<\/div>\n\t\t<div class=\"elementor-element elementor-element-5250134d e-flex e-con-boxed e-con e-parent\" data-id=\"5250134d\" data-element_type=\"container\" data-e-type=\"container\" data-settings=\"{&quot;jet_parallax_layout_list&quot;:[]}\">\n\t\t\t\t\t<div class=\"e-con-inner\">\n\t\t<div class=\"elementor-element elementor-element-3705092e e-con-full e-flex e-con e-child\" data-id=\"3705092e\" data-element_type=\"container\" data-e-type=\"container\" data-settings=\"{&quot;jet_parallax_layout_list&quot;:[{&quot;_id&quot;:&quot;71e8eba&quot;,&quot;jet_parallax_layout_speed&quot;:{&quot;unit&quot;:&quot;%&quot;,&quot;size&quot;:&quot;50&quot;,&quot;sizes&quot;:[]},&quot;jet_parallax_layout_bg_x&quot;:&quot;50&quot;,&quot;jet_parallax_layout_bg_y&quot;:&quot;50&quot;,&quot;jet_parallax_layout_image&quot;:{&quot;url&quot;:&quot;&quot;,&quot;id&quot;:&quot;&quot;,&quot;size&quot;:&quot;&quot;},&quot;jet_parallax_layout_image_tablet&quot;:{&quot;url&quot;:&quot;&quot;,&quot;id&quot;:&quot;&quot;,&quot;size&quot;:&quot;&quot;},&quot;jet_parallax_layout_image_mobile&quot;:{&quot;url&quot;:&quot;&quot;,&quot;id&quot;:&quot;&quot;,&quot;size&quot;:&quot;&quot;},&quot;jet_parallax_layout_type&quot;:&quot;scroll&quot;,&quot;jet_parallax_layout_direction&quot;:&quot;1&quot;,&quot;jet_parallax_layout_fx_direction&quot;:null,&quot;jet_parallax_layout_z_index&quot;:&quot;&quot;,&quot;jet_parallax_layout_bg_x_tablet&quot;:&quot;&quot;,&quot;jet_parallax_layout_bg_x_mobile&quot;:&quot;&quot;,&quot;jet_parallax_layout_bg_y_tablet&quot;:&quot;&quot;,&quot;jet_parallax_layout_bg_y_mobile&quot;:&quot;&quot;,&quot;jet_parallax_layout_bg_size&quot;:&quot;auto&quot;,&quot;jet_parallax_layout_bg_size_tablet&quot;:&quot;&quot;,&quot;jet_parallax_layout_bg_size_mobile&quot;:&quot;&quot;,&quot;jet_parallax_layout_animation_prop&quot;:&quot;transform&quot;,&quot;jet_parallax_layout_on&quot;:[&quot;desktop&quot;,&quot;tablet&quot;]}],&quot;background_background&quot;:&quot;classic&quot;}\">\n\t\t<div class=\"elementor-element elementor-element-2c684163 e-con-full e-flex e-con e-child\" data-id=\"2c684163\" data-element_type=\"container\" data-e-type=\"container\" data-settings=\"{&quot;jet_parallax_layout_list&quot;:[]}\">\n\t\t<div class=\"elementor-element elementor-element-2768354d e-con-full e-flex e-con e-child\" data-id=\"2768354d\" data-element_type=\"container\" data-e-type=\"container\" data-settings=\"{&quot;background_background&quot;:&quot;classic&quot;,&quot;jet_parallax_layout_list&quot;:[]}\">\n\t\t\t\t<div class=\"elementor-element elementor-element-1c06dc76 elementor-widget__width-initial elementor-widget elementor-widget-text-editor\" data-id=\"1c06dc76\" data-element_type=\"widget\" data-e-type=\"widget\" data-widget_type=\"text-editor.default\">\n\t\t\t\t<div class=\"elementor-widget-container\">\n\t\t\t\t\t\t\t\t\t<p>La pagina che cerchi non \u00e8 pi\u00f9 disponibile.<\/p>\t\t\t\t\t\t\t\t<\/div>\n\t\t\t\t<\/div>\n\t\t\t\t<div class=\"elementor-element elementor-element-78782c54 elementor-widget elementor-widget-text-editor\" data-id=\"78782c54\" data-element_type=\"widget\" data-e-type=\"widget\" data-widget_type=\"text-editor.default\">\n\t\t\t\t<div class=\"elementor-widget-container\">\n\t\t\t\t\t\t\t\t\t<h2>continua sulla buona strada!<\/h2>\t\t\t\t\t\t\t\t<\/div>\n\t\t\t\t<\/div>\n\t\t\t\t<\/div>\n\t\t\t\t<\/div>\n\t\t\t\t<\/div>\n\t\t<div class=\"elementor-element elementor-element-46f412d0 e-con-full e-flex e-con e-child\" data-id=\"46f412d0\" data-element_type=\"container\" data-e-type=\"container\" data-settings=\"{&quot;background_background&quot;:&quot;classic&quot;,&quot;jet_parallax_layout_list&quot;:[]}\">\n\t\t<div class=\"elementor-element elementor-element-249da7e4 e-con-full e-flex e-con e-child\" data-id=\"249da7e4\" data-element_type=\"container\" data-e-type=\"container\" data-settings=\"{&quot;jet_parallax_layout_list&quot;:[]}\">\n\t\t<div class=\"elementor-element elementor-element-17f5d252 e-con-full e-flex e-con e-child\" data-id=\"17f5d252\" data-element_type=\"container\" data-e-type=\"container\" data-settings=\"{&quot;jet_parallax_layout_list&quot;:[]}\">\n\t\t\t\t<div class=\"elementor-element elementor-element-51dcd005 filter-btn elementor-widget elementor-widget-jet-button\" data-id=\"51dcd005\" data-element_type=\"widget\" data-e-type=\"widget\" data-hover-text=\"Cuore della nostra innovazione, dove l&#039;esperienza consolidata e la tecnologia pi\u00f9 avanzata si fondono per offrire soluzioni all&#039;avanguardia. Ogni prodotto Rolfo \u00e8 progettato per racchiudere le pi\u00f9 avanzate risposte alle Vostre esigenze, eccellendo in termini di progettazione, affidabilit\u00e0, capacit\u00e0 di carico, semplicit\u00e0 di utilizzo e sicurezza.\" data-category-name=\"TRASPORTO VETTURE\" data-cat=\"cat1\" data-widget_type=\"jet-button.default\">\n\t\t\t\t<div class=\"elementor-widget-container\">\n\t\t\t\t\t<div class=\"elementor-jet-button jet-elements\"><div class=\"jet-button__container\">\n\t<a class=\"jet-button__instance jet-button__instance--icon-left hover-effect-0\" href=\"https:\/\/rolfo.it\/\">\n\t\t<div class=\"jet-button__plane jet-button__plane-normal\"><\/div>\n\t\t<div class=\"jet-button__plane jet-button__plane-hover\"><\/div>\n\t\t<div class=\"jet-button__state jet-button__state-normal\">\n\t\t\t<span class=\"jet-button__label\">ROLFO GROUP<\/span>\t\t<\/div>\n\t\t<div class=\"jet-button__state jet-button__state-hover\">\n\t\t\t<span class=\"jet-button__label\">ROLFO GROUP<\/span>\t\t<\/div>\n\t<\/a>\n<\/div>\n<\/div>\t\t\t\t<\/div>\n\t\t\t\t<\/div>\n\t\t\t\t<\/div>\n\t\t<div class=\"elementor-element elementor-element-6bcd9716 e-con-full e-flex e-con e-child\" data-id=\"6bcd9716\" data-element_type=\"container\" data-e-type=\"container\" data-settings=\"{&quot;jet_parallax_layout_list&quot;:[]}\">\n\t\t\t\t<div class=\"elementor-element elementor-element-7c5d566e filter-btn elementor-widget elementor-widget-jet-button\" data-id=\"7c5d566e\" data-element_type=\"widget\" data-e-type=\"widget\" data-hover-text=\"La gamma trasporto pesanti racchiude da sempre soluzioni specifiche per il movimento di veicoli di grandi dimensioni. Proponiamo una vasta selezione di allestimenti affidabili, versatili e di alta qualit\u00e0, ciascuno progettato su misura per rispondere alle diverse esigenze di carico e operativit\u00e0.\" data-category-name=\"TRASPORTO PESANTI\" data-cat=\"cat2\" data-widget_type=\"jet-button.default\">\n\t\t\t\t<div class=\"elementor-widget-container\">\n\t\t\t\t\t<div class=\"elementor-jet-button jet-elements\"><div class=\"jet-button__container\">\n\t<a class=\"jet-button__instance jet-button__instance--icon-left hover-effect-0\" href=\"https:\/\/rolfo.it\/rolfospa\/\">\n\t\t<div class=\"jet-button__plane jet-button__plane-normal\"><\/div>\n\t\t<div class=\"jet-button__plane jet-button__plane-hover\"><\/div>\n\t\t<div class=\"jet-button__state jet-button__state-normal\">\n\t\t\t<span class=\"jet-button__label\">ROLFO SPA<\/span>\t\t<\/div>\n\t\t<div class=\"jet-button__state jet-button__state-hover\">\n\t\t\t<span class=\"jet-button__label\">ROLFO SPA<\/span>\t\t<\/div>\n\t<\/a>\n<\/div>\n<\/div>\t\t\t\t<\/div>\n\t\t\t\t<\/div>\n\t\t\t\t<\/div>\n\t\t<div class=\"elementor-element elementor-element-5c9cab08 e-con-full e-flex e-con e-child\" data-id=\"5c9cab08\" data-element_type=\"container\" data-e-type=\"container\" data-settings=\"{&quot;jet_parallax_layout_list&quot;:[]}\">\n\t\t\t\t<div class=\"elementor-element elementor-element-30803be8 filter-btn elementor-widget elementor-widget-jet-button\" data-id=\"30803be8\" data-element_type=\"widget\" data-e-type=\"widget\" data-hover-text=\"La gamma Deluxe, modello di semirimorchio chiuso, offre la possibilit\u00e0 di trasportare in totale sicurezza qualsiasi veicolo speciale. Progettato per la massima flessibilit\u00e0 e versatilit\u00e0, nasce direttamente dalle specifiche esigenze degli operatori, garantendo un servizio su misura.\" data-category-name=\"TRASPORTO CONFIDENZIALE\" data-cat=\"cat3\" data-widget_type=\"jet-button.default\">\n\t\t\t\t<div class=\"elementor-widget-container\">\n\t\t\t\t\t<div class=\"elementor-jet-button jet-elements\"><div class=\"jet-button__container\">\n\t<a class=\"jet-button__instance jet-button__instance--icon-left hover-effect-0\" href=\"https:\/\/rolfo.it\/customercare\/\">\n\t\t<div class=\"jet-button__plane jet-button__plane-normal\"><\/div>\n\t\t<div class=\"jet-button__plane jet-button__plane-hover\"><\/div>\n\t\t<div class=\"jet-button__state jet-button__state-normal\">\n\t\t\t<span class=\"jet-button__label\">ROLFO CUSTOMER CARE<\/span>\t\t<\/div>\n\t\t<div class=\"jet-button__state jet-button__state-hover\">\n\t\t\t<span class=\"jet-button__label\">ROLFO CUSTOMER CARE<\/span>\t\t<\/div>\n\t<\/a>\n<\/div>\n<\/div>\t\t\t\t<\/div>\n\t\t\t\t<\/div>\n\t\t\t\t<\/div>\n\t\t<div class=\"elementor-element elementor-element-5f386b58 e-con-full e-flex e-con e-child\" data-id=\"5f386b58\" data-element_type=\"container\" data-e-type=\"container\" data-settings=\"{&quot;jet_parallax_layout_list&quot;:[]}\">\n\t\t\t\t<div class=\"elementor-element elementor-element-59300c5 filter-btn elementor-widget elementor-widget-jet-button\" data-id=\"59300c5\" data-element_type=\"widget\" data-e-type=\"widget\" data-hover-text=\"Offerta ampia e diversificata di soluzioni di trasporto con una forte presenza e una distribuzione a livello mondiale.\" data-category-name=\"GLOBAL RANGE\" data-cat=\"cat4\" data-widget_type=\"jet-button.default\">\n\t\t\t\t<div class=\"elementor-widget-container\">\n\t\t\t\t\t<div class=\"elementor-jet-button jet-elements\"><div class=\"jet-button__container\">\n\t<a class=\"jet-button__instance jet-button__instance--icon-left hover-effect-0\" href=\"https:\/\/rolfo.it\/rolfo-used-special\/\">\n\t\t<div class=\"jet-button__plane jet-button__plane-normal\"><\/div>\n\t\t<div class=\"jet-button__plane jet-button__plane-hover\"><\/div>\n\t\t<div class=\"jet-button__state jet-button__state-normal\">\n\t\t\t<span class=\"jet-button__label\">ROLFO USED & SPECIAL<\/span>\t\t<\/div>\n\t\t<div class=\"jet-button__state jet-button__state-hover\">\n\t\t\t<span class=\"jet-button__label\">ROLFO USED & SPECIAL<\/span>\t\t<\/div>\n\t<\/a>\n<\/div>\n<\/div>\t\t\t\t<\/div>\n\t\t\t\t<\/div>\n\t\t\t\t<\/div>\n\t\t<div class=\"elementor-element elementor-element-728f73c5 e-con-full e-flex e-con e-child\" data-id=\"728f73c5\" data-element_type=\"container\" data-e-type=\"container\" data-settings=\"{&quot;jet_parallax_layout_list&quot;:[]}\">\n\t\t\t\t<div class=\"elementor-element elementor-element-4948747f filter-btn elementor-widget elementor-widget-jet-button\" data-id=\"4948747f\" data-element_type=\"widget\" data-e-type=\"widget\" data-hover-text=\"Offerta ampia e diversificata di soluzioni di trasporto con una forte presenza e una distribuzione a livello mondiale.\" data-category-name=\"GLOBAL RANGE\" data-cat=\"cat4\" data-widget_type=\"jet-button.default\">\n\t\t\t\t<div class=\"elementor-widget-container\">\n\t\t\t\t\t<div class=\"elementor-jet-button jet-elements\"><div class=\"jet-button__container\">\n\t<a class=\"jet-button__instance jet-button__instance--icon-left hover-effect-0\" href=\"https:\/\/rolfo.it\/rolfoice\/\">\n\t\t<div class=\"jet-button__plane jet-button__plane-normal\"><\/div>\n\t\t<div class=\"jet-button__plane jet-button__plane-hover\"><\/div>\n\t\t<div class=\"jet-button__state jet-button__state-normal\">\n\t\t\t<span class=\"jet-button__label\">ROLFO ICE<\/span>\t\t<\/div>\n\t\t<div class=\"jet-button__state jet-button__state-hover\">\n\t\t\t<span class=\"jet-button__label\">ROLFO ICE<\/span>\t\t<\/div>\n\t<\/a>\n<\/div>\n<\/div>\t\t\t\t<\/div>\n\t\t\t\t<\/div>\n\t\t\t\t<\/div>\n\t\t\t\t<\/div>\n\t\t\t\t<\/div>\n\t\t\t\t\t<\/div>\n\t\t\t\t<\/div>\n\t\t\t\t<\/div>\n\t\t","protected":false},"excerpt":{"rendered":"<p>404 La pagina che cerchi non \u00e8 pi\u00f9 disponibile. continua sulla buona strada! ROLFO GROUP ROLFO GROUP ROLFO SPA ROLFO SPA ROLFO CUSTOMER CARE ROLFO CUSTOMER CARE ROLFO USED &#038; SPECIAL ROLFO USED &#038; SPECIAL ROLFO ICE ROLFO ICE<\/p>\n","protected":false},"author":1,"featured_media":0,"parent":0,"menu_order":0,"comment_status":"closed","ping_status":"closed","template":"elementor_header_footer","meta":{"_acf_changed":false,"footnotes":""},"categories":[],"tags":[],"class_list":["post-12","page","type-page","status-publish","hentry"],"acf":[],"yoast_head":"<!-- This site is optimized with the Yoast SEO plugin v27.3 - https:\/\/yoast.com\/product\/yoast-seo-wordpress\/ -->\n<title>Rolfo S.p.A. - Errore 404<\/title>\n<meta name=\"description\" content=\"Unveil your luxury cars for your particular clients to browse the availability of the vehicles you offer with Jupiter X WP Theme\u2019s Car Rental website template.\" \/>\n<meta name=\"robots\" content=\"index, follow, max-snippet:-1, max-image-preview:large, max-video-preview:-1\" \/>\n<link rel=\"canonical\" href=\"https:\/\/rolfo.it\/rolfospa\/404-2\/\" \/>\n<meta property=\"og:locale\" content=\"it_IT\" \/>\n<meta property=\"og:type\" content=\"article\" \/>\n<meta property=\"og:title\" content=\"Rolfo S.p.A. - Errore 404\" \/>\n<meta property=\"og:description\" content=\"Unveil your luxury cars for your particular clients to browse the availability of the vehicles you offer with Jupiter X WP Theme\u2019s Car Rental website template.\" \/>\n<meta property=\"og:url\" content=\"https:\/\/rolfo.it\/rolfospa\/404-2\/\" \/>\n<meta property=\"og:site_name\" content=\"ROLFO S.p.A.\" \/>\n<meta property=\"article:modified_time\" content=\"2025-11-06T13:50:46+00:00\" \/>\n<meta name=\"twitter:card\" content=\"summary_large_image\" \/>\n<meta name=\"twitter:label1\" content=\"Tempo di lettura stimato\" \/>\n\t<meta name=\"twitter:data1\" content=\"1 minuto\" \/>\n<script type=\"application\/ld+json\" class=\"yoast-schema-graph\">{\"@context\":\"https:\\\/\\\/schema.org\",\"@graph\":[{\"@type\":\"WebPage\",\"@id\":\"https:\\\/\\\/rolfo.it\\\/rolfospa\\\/404-2\\\/\",\"url\":\"https:\\\/\\\/rolfo.it\\\/rolfospa\\\/404-2\\\/\",\"name\":\"Rolfo S.p.A. - Errore 404\",\"isPartOf\":{\"@id\":\"https:\\\/\\\/rolfo.it\\\/rolfospa\\\/#website\"},\"datePublished\":\"2020-08-26T09:47:08+00:00\",\"dateModified\":\"2025-11-06T13:50:46+00:00\",\"description\":\"Unveil your luxury cars for your particular clients to browse the availability of the vehicles you offer with Jupiter X WP Theme\u2019s Car Rental website template.\",\"breadcrumb\":{\"@id\":\"https:\\\/\\\/rolfo.it\\\/rolfospa\\\/404-2\\\/#breadcrumb\"},\"inLanguage\":\"it-IT\",\"potentialAction\":[{\"@type\":\"ReadAction\",\"target\":[\"https:\\\/\\\/rolfo.it\\\/rolfospa\\\/404-2\\\/\"]}]},{\"@type\":\"BreadcrumbList\",\"@id\":\"https:\\\/\\\/rolfo.it\\\/rolfospa\\\/404-2\\\/#breadcrumb\",\"itemListElement\":[{\"@type\":\"ListItem\",\"position\":1,\"name\":\"Home\",\"item\":\"https:\\\/\\\/rolfo.it\\\/rolfospa\\\/\"},{\"@type\":\"ListItem\",\"position\":2,\"name\":\"Rolfo S.p.A. &#8211; Errore 404\"}]},{\"@type\":\"WebSite\",\"@id\":\"https:\\\/\\\/rolfo.it\\\/rolfospa\\\/#website\",\"url\":\"https:\\\/\\\/rolfo.it\\\/rolfospa\\\/\",\"name\":\"ROLFO S.p.A.\",\"description\":\"\",\"potentialAction\":[{\"@type\":\"SearchAction\",\"target\":{\"@type\":\"EntryPoint\",\"urlTemplate\":\"https:\\\/\\\/rolfo.it\\\/rolfospa\\\/?s={search_term_string}\"},\"query-input\":{\"@type\":\"PropertyValueSpecification\",\"valueRequired\":true,\"valueName\":\"search_term_string\"}}],\"inLanguage\":\"it-IT\"}]}<\/script>\n<!-- \/ Yoast SEO plugin. -->","yoast_head_json":{"title":"Rolfo S.p.A. - Errore 404","description":"Unveil your luxury cars for your particular clients to browse the availability of the vehicles you offer with Jupiter X WP Theme\u2019s Car Rental website template.","robots":{"index":"index","follow":"follow","max-snippet":"max-snippet:-1","max-image-preview":"max-image-preview:large","max-video-preview":"max-video-preview:-1"},"canonical":"https:\/\/rolfo.it\/rolfospa\/404-2\/","og_locale":"it_IT","og_type":"article","og_title":"Rolfo S.p.A. - Errore 404","og_description":"Unveil your luxury cars for your particular clients to browse the availability of the vehicles you offer with Jupiter X WP Theme\u2019s Car Rental website template.","og_url":"https:\/\/rolfo.it\/rolfospa\/404-2\/","og_site_name":"ROLFO S.p.A.","article_modified_time":"2025-11-06T13:50:46+00:00","twitter_card":"summary_large_image","twitter_misc":{"Tempo di lettura stimato":"1 minuto"},"schema":{"@context":"https:\/\/schema.org","@graph":[{"@type":"WebPage","@id":"https:\/\/rolfo.it\/rolfospa\/404-2\/","url":"https:\/\/rolfo.it\/rolfospa\/404-2\/","name":"Rolfo S.p.A. - Errore 404","isPartOf":{"@id":"https:\/\/rolfo.it\/rolfospa\/#website"},"datePublished":"2020-08-26T09:47:08+00:00","dateModified":"2025-11-06T13:50:46+00:00","description":"Unveil your luxury cars for your particular clients to browse the availability of the vehicles you offer with Jupiter X WP Theme\u2019s Car Rental website template.","breadcrumb":{"@id":"https:\/\/rolfo.it\/rolfospa\/404-2\/#breadcrumb"},"inLanguage":"it-IT","potentialAction":[{"@type":"ReadAction","target":["https:\/\/rolfo.it\/rolfospa\/404-2\/"]}]},{"@type":"BreadcrumbList","@id":"https:\/\/rolfo.it\/rolfospa\/404-2\/#breadcrumb","itemListElement":[{"@type":"ListItem","position":1,"name":"Home","item":"https:\/\/rolfo.it\/rolfospa\/"},{"@type":"ListItem","position":2,"name":"Rolfo S.p.A. &#8211; Errore 404"}]},{"@type":"WebSite","@id":"https:\/\/rolfo.it\/rolfospa\/#website","url":"https:\/\/rolfo.it\/rolfospa\/","name":"ROLFO S.p.A.","description":"","potentialAction":[{"@type":"SearchAction","target":{"@type":"EntryPoint","urlTemplate":"https:\/\/rolfo.it\/rolfospa\/?s={search_term_string}"},"query-input":{"@type":"PropertyValueSpecification","valueRequired":true,"valueName":"search_term_string"}}],"inLanguage":"it-IT"}]}},"_links":{"self":[{"href":"https:\/\/rolfo.it\/rolfospa\/wp-json\/wp\/v2\/pages\/12","targetHints":{"allow":["GET"]}}],"collection":[{"href":"https:\/\/rolfo.it\/rolfospa\/wp-json\/wp\/v2\/pages"}],"about":[{"href":"https:\/\/rolfo.it\/rolfospa\/wp-json\/wp\/v2\/types\/page"}],"author":[{"embeddable":true,"href":"https:\/\/rolfo.it\/rolfospa\/wp-json\/wp\/v2\/users\/1"}],"replies":[{"embeddable":true,"href":"https:\/\/rolfo.it\/rolfospa\/wp-json\/wp\/v2\/comments?post=12"}],"version-history":[{"count":5,"href":"https:\/\/rolfo.it\/rolfospa\/wp-json\/wp\/v2\/pages\/12\/revisions"}],"predecessor-version":[{"id":8641,"href":"https:\/\/rolfo.it\/rolfospa\/wp-json\/wp\/v2\/pages\/12\/revisions\/8641"}],"wp:attachment":[{"href":"https:\/\/rolfo.it\/rolfospa\/wp-json\/wp\/v2\/media?parent=12"}],"wp:term":[{"taxonomy":"category","embeddable":true,"href":"https:\/\/rolfo.it\/rolfospa\/wp-json\/wp\/v2\/categories?post=12"},{"taxonomy":"post_tag","embeddable":true,"href":"https:\/\/rolfo.it\/rolfospa\/wp-json\/wp\/v2\/tags?post=12"}],"curies":[{"name":"wp","href":"https:\/\/api.w.org\/{rel}","templated":true}]}}