{"id":8603,"date":"2025-11-03T15:08:29","date_gmt":"2025-11-03T15:08:29","guid":{"rendered":"https:\/\/rolfo.it\/rolfospa\/?page_id=8603"},"modified":"2025-11-06T13:57:43","modified_gmt":"2025-11-06T13:57:43","slug":"404-en","status":"publish","type":"page","link":"https:\/\/rolfo.it\/rolfospa\/en\/404-en\/","title":{"rendered":"Rolfo S.p.A. &#8211; Error 404"},"content":{"rendered":"\t\t<div data-elementor-type=\"wp-page\" data-elementor-id=\"8603\" class=\"elementor elementor-8603\" data-elementor-post-type=\"page\">\n\t\t\t\t<div class=\"elementor-element elementor-element-23d5547f e-con-full e-flex e-con e-parent\" data-id=\"23d5547f\" data-element_type=\"container\" data-e-type=\"container\" data-settings=\"{&quot;jet_parallax_layout_list&quot;:[]}\">\n\t\t<div class=\"elementor-element elementor-element-654b5684 e-con-full e-flex e-con e-child\" data-id=\"654b5684\" data-element_type=\"container\" data-e-type=\"container\" data-settings=\"{&quot;jet_parallax_layout_list&quot;:[],&quot;background_background&quot;:&quot;gradient&quot;}\">\n\t\t\t\t<div class=\"elementor-element elementor-element-7b13a93 elementor-widget elementor-widget-heading\" data-id=\"7b13a93\" data-element_type=\"widget\" data-e-type=\"widget\" data-widget_type=\"heading.default\">\n\t\t\t\t<div class=\"elementor-widget-container\">\n\t\t\t\t\t<h1 class=\"elementor-heading-title elementor-size-default\">404<\/h1>\t\t\t\t<\/div>\n\t\t\t\t<\/div>\n\t\t\t\t<\/div>\n\t\t\t\t<\/div>\n\t\t<div class=\"elementor-element elementor-element-526b1bd2 e-flex e-con-boxed e-con e-parent\" data-id=\"526b1bd2\" data-element_type=\"container\" data-e-type=\"container\" data-settings=\"{&quot;jet_parallax_layout_list&quot;:[]}\">\n\t\t\t\t\t<div class=\"e-con-inner\">\n\t\t<div class=\"elementor-element elementor-element-59ad17d1 e-con-full e-flex e-con e-child\" data-id=\"59ad17d1\" data-element_type=\"container\" data-e-type=\"container\" data-settings=\"{&quot;jet_parallax_layout_list&quot;:[{&quot;_id&quot;:&quot;71e8eba&quot;,&quot;jet_parallax_layout_speed&quot;:{&quot;unit&quot;:&quot;%&quot;,&quot;size&quot;:&quot;50&quot;,&quot;sizes&quot;:[]},&quot;jet_parallax_layout_bg_x&quot;:&quot;50&quot;,&quot;jet_parallax_layout_bg_y&quot;:&quot;50&quot;,&quot;jet_parallax_layout_image&quot;:{&quot;url&quot;:&quot;&quot;,&quot;id&quot;:&quot;&quot;,&quot;size&quot;:&quot;&quot;},&quot;jet_parallax_layout_image_tablet&quot;:{&quot;url&quot;:&quot;&quot;,&quot;id&quot;:&quot;&quot;,&quot;size&quot;:&quot;&quot;},&quot;jet_parallax_layout_image_mobile&quot;:{&quot;url&quot;:&quot;&quot;,&quot;id&quot;:&quot;&quot;,&quot;size&quot;:&quot;&quot;},&quot;jet_parallax_layout_type&quot;:&quot;scroll&quot;,&quot;jet_parallax_layout_direction&quot;:&quot;1&quot;,&quot;jet_parallax_layout_fx_direction&quot;:null,&quot;jet_parallax_layout_z_index&quot;:&quot;&quot;,&quot;jet_parallax_layout_bg_x_tablet&quot;:&quot;&quot;,&quot;jet_parallax_layout_bg_x_mobile&quot;:&quot;&quot;,&quot;jet_parallax_layout_bg_y_tablet&quot;:&quot;&quot;,&quot;jet_parallax_layout_bg_y_mobile&quot;:&quot;&quot;,&quot;jet_parallax_layout_bg_size&quot;:&quot;auto&quot;,&quot;jet_parallax_layout_bg_size_tablet&quot;:&quot;&quot;,&quot;jet_parallax_layout_bg_size_mobile&quot;:&quot;&quot;,&quot;jet_parallax_layout_animation_prop&quot;:&quot;transform&quot;,&quot;jet_parallax_layout_on&quot;:[&quot;desktop&quot;,&quot;tablet&quot;]}],&quot;background_background&quot;:&quot;classic&quot;}\">\n\t\t<div class=\"elementor-element elementor-element-4e4386c7 e-con-full e-flex e-con e-child\" data-id=\"4e4386c7\" data-element_type=\"container\" data-e-type=\"container\" data-settings=\"{&quot;jet_parallax_layout_list&quot;:[]}\">\n\t\t<div class=\"elementor-element elementor-element-575310c6 e-con-full e-flex e-con e-child\" data-id=\"575310c6\" data-element_type=\"container\" data-e-type=\"container\" data-settings=\"{&quot;background_background&quot;:&quot;classic&quot;,&quot;jet_parallax_layout_list&quot;:[]}\">\n\t\t\t\t<div class=\"elementor-element elementor-element-13718094 elementor-widget__width-initial elementor-widget elementor-widget-text-editor\" data-id=\"13718094\" data-element_type=\"widget\" data-e-type=\"widget\" data-widget_type=\"text-editor.default\">\n\t\t\t\t<div class=\"elementor-widget-container\">\n\t\t\t\t\t\t\t\t\t<p>The page you are looking for is no longer available.<\/p>\t\t\t\t\t\t\t\t<\/div>\n\t\t\t\t<\/div>\n\t\t\t\t<div class=\"elementor-element elementor-element-85a602f elementor-widget elementor-widget-text-editor\" data-id=\"85a602f\" data-element_type=\"widget\" data-e-type=\"widget\" data-widget_type=\"text-editor.default\">\n\t\t\t\t<div class=\"elementor-widget-container\">\n\t\t\t\t\t\t\t\t\t<h2>Keep up the good work!<\/h2>\t\t\t\t\t\t\t\t<\/div>\n\t\t\t\t<\/div>\n\t\t\t\t<\/div>\n\t\t\t\t<\/div>\n\t\t\t\t<\/div>\n\t\t<div class=\"elementor-element elementor-element-2ff9d51f e-con-full e-flex e-con e-child\" data-id=\"2ff9d51f\" data-element_type=\"container\" data-e-type=\"container\" data-settings=\"{&quot;background_background&quot;:&quot;classic&quot;,&quot;jet_parallax_layout_list&quot;:[]}\">\n\t\t<div class=\"elementor-element elementor-element-4253db33 e-con-full e-flex e-con e-child\" data-id=\"4253db33\" data-element_type=\"container\" data-e-type=\"container\" data-settings=\"{&quot;jet_parallax_layout_list&quot;:[]}\">\n\t\t<div class=\"elementor-element elementor-element-4fd8e61e e-con-full e-flex e-con e-child\" data-id=\"4fd8e61e\" data-element_type=\"container\" data-e-type=\"container\" data-settings=\"{&quot;jet_parallax_layout_list&quot;:[]}\">\n\t\t\t\t<div class=\"elementor-element elementor-element-195d36a filter-btn elementor-widget elementor-widget-jet-button\" data-id=\"195d36a\" data-element_type=\"widget\" data-e-type=\"widget\" data-hover-text=\"Cuore della nostra innovazione, dove l&#039;esperienza consolidata e la tecnologia pi\u00f9 avanzata si fondono per offrire soluzioni all&#039;avanguardia. Ogni prodotto Rolfo \u00e8 progettato per racchiudere le pi\u00f9 avanzate risposte alle Vostre esigenze, eccellendo in termini di progettazione, affidabilit\u00e0, capacit\u00e0 di carico, semplicit\u00e0 di utilizzo e sicurezza.\" data-category-name=\"TRASPORTO VETTURE\" data-cat=\"cat1\" data-widget_type=\"jet-button.default\">\n\t\t\t\t<div class=\"elementor-widget-container\">\n\t\t\t\t\t<div class=\"elementor-jet-button jet-elements\"><div class=\"jet-button__container\">\n\t<a class=\"jet-button__instance jet-button__instance--icon-left hover-effect-0\" href=\"https:\/\/rolfo.it\/\">\n\t\t<div class=\"jet-button__plane jet-button__plane-normal\"><\/div>\n\t\t<div class=\"jet-button__plane jet-button__plane-hover\"><\/div>\n\t\t<div class=\"jet-button__state jet-button__state-normal\">\n\t\t\t<span class=\"jet-button__label\">ROLFO GROUP<\/span>\t\t<\/div>\n\t\t<div class=\"jet-button__state jet-button__state-hover\">\n\t\t\t<span class=\"jet-button__label\">ROLFO GROUP<\/span>\t\t<\/div>\n\t<\/a>\n<\/div>\n<\/div>\t\t\t\t<\/div>\n\t\t\t\t<\/div>\n\t\t\t\t<\/div>\n\t\t<div class=\"elementor-element elementor-element-2d9c0328 e-con-full e-flex e-con e-child\" data-id=\"2d9c0328\" data-element_type=\"container\" data-e-type=\"container\" data-settings=\"{&quot;jet_parallax_layout_list&quot;:[]}\">\n\t\t\t\t<div class=\"elementor-element elementor-element-75679f26 filter-btn elementor-widget elementor-widget-jet-button\" data-id=\"75679f26\" data-element_type=\"widget\" data-e-type=\"widget\" data-hover-text=\"La gamma trasporto pesanti racchiude da sempre soluzioni specifiche per il movimento di veicoli di grandi dimensioni. Proponiamo una vasta selezione di allestimenti affidabili, versatili e di alta qualit\u00e0, ciascuno progettato su misura per rispondere alle diverse esigenze di carico e operativit\u00e0.\" data-category-name=\"TRASPORTO PESANTI\" data-cat=\"cat2\" data-widget_type=\"jet-button.default\">\n\t\t\t\t<div class=\"elementor-widget-container\">\n\t\t\t\t\t<div class=\"elementor-jet-button jet-elements\"><div class=\"jet-button__container\">\n\t<a class=\"jet-button__instance jet-button__instance--icon-left hover-effect-0\" href=\"https:\/\/rolfo.it\/rolfospa\/\">\n\t\t<div class=\"jet-button__plane jet-button__plane-normal\"><\/div>\n\t\t<div class=\"jet-button__plane jet-button__plane-hover\"><\/div>\n\t\t<div class=\"jet-button__state jet-button__state-normal\">\n\t\t\t<span class=\"jet-button__label\">ROLFO SPA<\/span>\t\t<\/div>\n\t\t<div class=\"jet-button__state jet-button__state-hover\">\n\t\t\t<span class=\"jet-button__label\">ROLFO SPA<\/span>\t\t<\/div>\n\t<\/a>\n<\/div>\n<\/div>\t\t\t\t<\/div>\n\t\t\t\t<\/div>\n\t\t\t\t<\/div>\n\t\t<div class=\"elementor-element elementor-element-1694727b e-con-full e-flex e-con e-child\" data-id=\"1694727b\" data-element_type=\"container\" data-e-type=\"container\" data-settings=\"{&quot;jet_parallax_layout_list&quot;:[]}\">\n\t\t\t\t<div class=\"elementor-element elementor-element-30b1a2ef filter-btn elementor-widget elementor-widget-jet-button\" data-id=\"30b1a2ef\" data-element_type=\"widget\" data-e-type=\"widget\" data-hover-text=\"La gamma Deluxe, modello di semirimorchio chiuso, offre la possibilit\u00e0 di trasportare in totale sicurezza qualsiasi veicolo speciale. Progettato per la massima flessibilit\u00e0 e versatilit\u00e0, nasce direttamente dalle specifiche esigenze degli operatori, garantendo un servizio su misura.\" data-category-name=\"TRASPORTO CONFIDENZIALE\" data-cat=\"cat3\" data-widget_type=\"jet-button.default\">\n\t\t\t\t<div class=\"elementor-widget-container\">\n\t\t\t\t\t<div class=\"elementor-jet-button jet-elements\"><div class=\"jet-button__container\">\n\t<a class=\"jet-button__instance jet-button__instance--icon-left hover-effect-0\" href=\"https:\/\/rolfo.it\/customercare\/\">\n\t\t<div class=\"jet-button__plane jet-button__plane-normal\"><\/div>\n\t\t<div class=\"jet-button__plane jet-button__plane-hover\"><\/div>\n\t\t<div class=\"jet-button__state jet-button__state-normal\">\n\t\t\t<span class=\"jet-button__label\">ROLFO CUSTOMER CARE<\/span>\t\t<\/div>\n\t\t<div class=\"jet-button__state jet-button__state-hover\">\n\t\t\t<span class=\"jet-button__label\">ROLFO CUSTOMER CARE<\/span>\t\t<\/div>\n\t<\/a>\n<\/div>\n<\/div>\t\t\t\t<\/div>\n\t\t\t\t<\/div>\n\t\t\t\t<\/div>\n\t\t<div class=\"elementor-element elementor-element-afa6a2f e-con-full e-flex e-con e-child\" data-id=\"afa6a2f\" data-element_type=\"container\" data-e-type=\"container\" data-settings=\"{&quot;jet_parallax_layout_list&quot;:[]}\">\n\t\t\t\t<div class=\"elementor-element elementor-element-2a290b30 filter-btn elementor-widget elementor-widget-jet-button\" data-id=\"2a290b30\" data-element_type=\"widget\" data-e-type=\"widget\" data-hover-text=\"Offerta ampia e diversificata di soluzioni di trasporto con una forte presenza e una distribuzione a livello mondiale.\" data-category-name=\"GLOBAL RANGE\" data-cat=\"cat4\" data-widget_type=\"jet-button.default\">\n\t\t\t\t<div class=\"elementor-widget-container\">\n\t\t\t\t\t<div class=\"elementor-jet-button jet-elements\"><div class=\"jet-button__container\">\n\t<a class=\"jet-button__instance jet-button__instance--icon-left hover-effect-0\" href=\"https:\/\/rolfo.it\/rolfo-used-special\/\">\n\t\t<div class=\"jet-button__plane jet-button__plane-normal\"><\/div>\n\t\t<div class=\"jet-button__plane jet-button__plane-hover\"><\/div>\n\t\t<div class=\"jet-button__state jet-button__state-normal\">\n\t\t\t<span class=\"jet-button__label\">ROLFO USED & SPECIAL<\/span>\t\t<\/div>\n\t\t<div class=\"jet-button__state jet-button__state-hover\">\n\t\t\t<span class=\"jet-button__label\">ROLFO USED & SPECIAL<\/span>\t\t<\/div>\n\t<\/a>\n<\/div>\n<\/div>\t\t\t\t<\/div>\n\t\t\t\t<\/div>\n\t\t\t\t<\/div>\n\t\t<div class=\"elementor-element elementor-element-4b8aa78f e-con-full e-flex e-con e-child\" data-id=\"4b8aa78f\" data-element_type=\"container\" data-e-type=\"container\" data-settings=\"{&quot;jet_parallax_layout_list&quot;:[]}\">\n\t\t\t\t<div class=\"elementor-element elementor-element-29bf084a filter-btn elementor-widget elementor-widget-jet-button\" data-id=\"29bf084a\" data-element_type=\"widget\" data-e-type=\"widget\" data-hover-text=\"Offerta ampia e diversificata di soluzioni di trasporto con una forte presenza e una distribuzione a livello mondiale.\" data-category-name=\"GLOBAL RANGE\" data-cat=\"cat4\" data-widget_type=\"jet-button.default\">\n\t\t\t\t<div class=\"elementor-widget-container\">\n\t\t\t\t\t<div class=\"elementor-jet-button jet-elements\"><div class=\"jet-button__container\">\n\t<a class=\"jet-button__instance jet-button__instance--icon-left hover-effect-0\" href=\"https:\/\/rolfo.it\/rolfoice\/\">\n\t\t<div class=\"jet-button__plane jet-button__plane-normal\"><\/div>\n\t\t<div class=\"jet-button__plane jet-button__plane-hover\"><\/div>\n\t\t<div class=\"jet-button__state jet-button__state-normal\">\n\t\t\t<span class=\"jet-button__label\">ROLFO ICE<\/span>\t\t<\/div>\n\t\t<div class=\"jet-button__state jet-button__state-hover\">\n\t\t\t<span class=\"jet-button__label\">ROLFO ICE<\/span>\t\t<\/div>\n\t<\/a>\n<\/div>\n<\/div>\t\t\t\t<\/div>\n\t\t\t\t<\/div>\n\t\t\t\t<\/div>\n\t\t\t\t<\/div>\n\t\t\t\t<\/div>\n\t\t\t\t\t<\/div>\n\t\t\t\t<\/div>\n\t\t\t\t<\/div>\n\t\t","protected":false},"excerpt":{"rendered":"<p>404 The page you are looking for is no longer available. Keep up the good work! ROLFO GROUP ROLFO GROUP ROLFO SPA ROLFO SPA ROLFO CUSTOMER CARE ROLFO CUSTOMER CARE ROLFO USED &#038; SPECIAL ROLFO USED &#038; SPECIAL ROLFO ICE ROLFO ICE<\/p>\n","protected":false},"author":1,"featured_media":0,"parent":0,"menu_order":0,"comment_status":"closed","ping_status":"closed","template":"elementor_header_footer","meta":{"_acf_changed":false,"footnotes":""},"categories":[],"tags":[],"class_list":["post-8603","page","type-page","status-publish","hentry"],"acf":[],"yoast_head":"<!-- This site is optimized with the Yoast SEO plugin v27.3 - https:\/\/yoast.com\/product\/yoast-seo-wordpress\/ -->\n<title>Rolfo S.p.A. - Error 404<\/title>\n<meta name=\"robots\" content=\"index, follow, max-snippet:-1, max-image-preview:large, max-video-preview:-1\" \/>\n<link rel=\"canonical\" href=\"https:\/\/rolfo.it\/rolfospa\/en\/404-en\/\" \/>\n<meta property=\"og:locale\" content=\"it_IT\" \/>\n<meta property=\"og:type\" content=\"article\" \/>\n<meta property=\"og:title\" content=\"Rolfo S.p.A. - Error 404\" \/>\n<meta property=\"og:description\" content=\"404 The page you are looking for is no longer available. Keep up the good work! ROLFO GROUP ROLFO GROUP ROLFO SPA ROLFO SPA ROLFO CUSTOMER CARE ROLFO CUSTOMER CARE ROLFO USED &#038; SPECIAL ROLFO USED &#038; SPECIAL ROLFO ICE ROLFO ICE\" \/>\n<meta property=\"og:url\" content=\"https:\/\/rolfo.it\/rolfospa\/en\/404-en\/\" \/>\n<meta property=\"og:site_name\" content=\"ROLFO S.p.A.\" \/>\n<meta property=\"article:modified_time\" content=\"2025-11-06T13:57:43+00:00\" \/>\n<meta name=\"twitter:card\" content=\"summary_large_image\" \/>\n<meta name=\"twitter:label1\" content=\"Tempo di lettura stimato\" \/>\n\t<meta name=\"twitter:data1\" content=\"1 minuto\" \/>\n<script type=\"application\/ld+json\" class=\"yoast-schema-graph\">{\"@context\":\"https:\\\/\\\/schema.org\",\"@graph\":[{\"@type\":\"WebPage\",\"@id\":\"https:\\\/\\\/rolfo.it\\\/rolfospa\\\/en\\\/404-en\\\/\",\"url\":\"https:\\\/\\\/rolfo.it\\\/rolfospa\\\/en\\\/404-en\\\/\",\"name\":\"Rolfo S.p.A. - Error 404\",\"isPartOf\":{\"@id\":\"https:\\\/\\\/rolfo.it\\\/rolfospa\\\/#website\"},\"datePublished\":\"2025-11-03T15:08:29+00:00\",\"dateModified\":\"2025-11-06T13:57:43+00:00\",\"breadcrumb\":{\"@id\":\"https:\\\/\\\/rolfo.it\\\/rolfospa\\\/en\\\/404-en\\\/#breadcrumb\"},\"inLanguage\":\"it-IT\",\"potentialAction\":[{\"@type\":\"ReadAction\",\"target\":[\"https:\\\/\\\/rolfo.it\\\/rolfospa\\\/en\\\/404-en\\\/\"]}]},{\"@type\":\"BreadcrumbList\",\"@id\":\"https:\\\/\\\/rolfo.it\\\/rolfospa\\\/en\\\/404-en\\\/#breadcrumb\",\"itemListElement\":[{\"@type\":\"ListItem\",\"position\":1,\"name\":\"Home\",\"item\":\"https:\\\/\\\/rolfo.it\\\/rolfospa\\\/\"},{\"@type\":\"ListItem\",\"position\":2,\"name\":\"Rolfo S.p.A. &#8211; Error 404\"}]},{\"@type\":\"WebSite\",\"@id\":\"https:\\\/\\\/rolfo.it\\\/rolfospa\\\/#website\",\"url\":\"https:\\\/\\\/rolfo.it\\\/rolfospa\\\/\",\"name\":\"ROLFO S.p.A.\",\"description\":\"\",\"potentialAction\":[{\"@type\":\"SearchAction\",\"target\":{\"@type\":\"EntryPoint\",\"urlTemplate\":\"https:\\\/\\\/rolfo.it\\\/rolfospa\\\/?s={search_term_string}\"},\"query-input\":{\"@type\":\"PropertyValueSpecification\",\"valueRequired\":true,\"valueName\":\"search_term_string\"}}],\"inLanguage\":\"it-IT\"}]}<\/script>\n<!-- \/ Yoast SEO plugin. -->","yoast_head_json":{"title":"Rolfo S.p.A. - Error 404","robots":{"index":"index","follow":"follow","max-snippet":"max-snippet:-1","max-image-preview":"max-image-preview:large","max-video-preview":"max-video-preview:-1"},"canonical":"https:\/\/rolfo.it\/rolfospa\/en\/404-en\/","og_locale":"it_IT","og_type":"article","og_title":"Rolfo S.p.A. - Error 404","og_description":"404 The page you are looking for is no longer available. Keep up the good work! ROLFO GROUP ROLFO GROUP ROLFO SPA ROLFO SPA ROLFO CUSTOMER CARE ROLFO CUSTOMER CARE ROLFO USED &#038; SPECIAL ROLFO USED &#038; SPECIAL ROLFO ICE ROLFO ICE","og_url":"https:\/\/rolfo.it\/rolfospa\/en\/404-en\/","og_site_name":"ROLFO S.p.A.","article_modified_time":"2025-11-06T13:57:43+00:00","twitter_card":"summary_large_image","twitter_misc":{"Tempo di lettura stimato":"1 minuto"},"schema":{"@context":"https:\/\/schema.org","@graph":[{"@type":"WebPage","@id":"https:\/\/rolfo.it\/rolfospa\/en\/404-en\/","url":"https:\/\/rolfo.it\/rolfospa\/en\/404-en\/","name":"Rolfo S.p.A. - Error 404","isPartOf":{"@id":"https:\/\/rolfo.it\/rolfospa\/#website"},"datePublished":"2025-11-03T15:08:29+00:00","dateModified":"2025-11-06T13:57:43+00:00","breadcrumb":{"@id":"https:\/\/rolfo.it\/rolfospa\/en\/404-en\/#breadcrumb"},"inLanguage":"it-IT","potentialAction":[{"@type":"ReadAction","target":["https:\/\/rolfo.it\/rolfospa\/en\/404-en\/"]}]},{"@type":"BreadcrumbList","@id":"https:\/\/rolfo.it\/rolfospa\/en\/404-en\/#breadcrumb","itemListElement":[{"@type":"ListItem","position":1,"name":"Home","item":"https:\/\/rolfo.it\/rolfospa\/"},{"@type":"ListItem","position":2,"name":"Rolfo S.p.A. &#8211; Error 404"}]},{"@type":"WebSite","@id":"https:\/\/rolfo.it\/rolfospa\/#website","url":"https:\/\/rolfo.it\/rolfospa\/","name":"ROLFO S.p.A.","description":"","potentialAction":[{"@type":"SearchAction","target":{"@type":"EntryPoint","urlTemplate":"https:\/\/rolfo.it\/rolfospa\/?s={search_term_string}"},"query-input":{"@type":"PropertyValueSpecification","valueRequired":true,"valueName":"search_term_string"}}],"inLanguage":"it-IT"}]}},"_links":{"self":[{"href":"https:\/\/rolfo.it\/rolfospa\/wp-json\/wp\/v2\/pages\/8603","targetHints":{"allow":["GET"]}}],"collection":[{"href":"https:\/\/rolfo.it\/rolfospa\/wp-json\/wp\/v2\/pages"}],"about":[{"href":"https:\/\/rolfo.it\/rolfospa\/wp-json\/wp\/v2\/types\/page"}],"author":[{"embeddable":true,"href":"https:\/\/rolfo.it\/rolfospa\/wp-json\/wp\/v2\/users\/1"}],"replies":[{"embeddable":true,"href":"https:\/\/rolfo.it\/rolfospa\/wp-json\/wp\/v2\/comments?post=8603"}],"version-history":[{"count":5,"href":"https:\/\/rolfo.it\/rolfospa\/wp-json\/wp\/v2\/pages\/8603\/revisions"}],"predecessor-version":[{"id":8648,"href":"https:\/\/rolfo.it\/rolfospa\/wp-json\/wp\/v2\/pages\/8603\/revisions\/8648"}],"wp:attachment":[{"href":"https:\/\/rolfo.it\/rolfospa\/wp-json\/wp\/v2\/media?parent=8603"}],"wp:term":[{"taxonomy":"category","embeddable":true,"href":"https:\/\/rolfo.it\/rolfospa\/wp-json\/wp\/v2\/categories?post=8603"},{"taxonomy":"post_tag","embeddable":true,"href":"https:\/\/rolfo.it\/rolfospa\/wp-json\/wp\/v2\/tags?post=8603"}],"curies":[{"name":"wp","href":"https:\/\/api.w.org\/{rel}","templated":true}]}}